{"id":3,"date":"2025-11-14T19:10:26","date_gmt":"2025-11-14T19:10:26","guid":{"rendered":"https:\/\/toul.pt\/?page_id=3"},"modified":"2025-12-12T19:12:18","modified_gmt":"2025-12-12T19:12:18","slug":"privacy-policy","status":"publish","type":"page","link":"https:\/\/toul.pt\/en\/politica-de-privacidade\/","title":{"rendered":"Privacy Policy"},"content":{"rendered":"<div data-elementor-type=\"wp-page\" data-elementor-id=\"3\" class=\"elementor elementor-3\" data-elementor-post-type=\"page\">\n\t\t\t\t<div data-particle_enable=\"false\" data-particle-mobile-disabled=\"false\" class=\"elementor-element elementor-element-f377735 e-flex e-con-boxed e-con e-parent\" data-id=\"f377735\" data-element_type=\"container\" data-e-type=\"container\">\n\t\t\t\t\t<div class=\"e-con-inner\">\n\t\t\t\t<div class=\"elementor-element elementor-element-7c21e2f elementor-widget elementor-widget-heading\" data-id=\"7c21e2f\" data-element_type=\"widget\" data-e-type=\"widget\" data-widget_type=\"heading.default\">\n\t\t\t\t\t<h1 class=\"elementor-heading-title elementor-size-default\">Privacy Policy<\/h1>\t\t\t\t<\/div>\n\t\t\t\t<div class=\"elementor-element elementor-element-a4665b3 elementor-widget elementor-widget-heading\" data-id=\"a4665b3\" data-element_type=\"widget\" data-e-type=\"widget\" data-widget_type=\"heading.default\">\n\t\t\t\t\t<h2 class=\"elementor-heading-title elementor-size-default\">1. Introduction<\/h2>\t\t\t\t<\/div>\n\t\t\t\t<div class=\"elementor-element elementor-element-7e2be2a elementor-widget__width-inherit elementor-widget-tablet__width-inherit elementor-widget elementor-widget-text-editor\" data-id=\"7e2be2a\" data-element_type=\"widget\" data-e-type=\"widget\" data-widget_type=\"text-editor.default\">\n\t\t\t\t\t\t\t\t\t<p>At Toul, we respect your privacy. This policy explains how we collect, use and protect your personal data when you visit our site <a href=\"https:\/\/toul.pt\/en\/\" target=\"_blank\" rel=\"noopener\"><span style=\"text-decoration: underline;\">www.toul.pt<\/span><\/a>.<\/p>\t\t\t\t\t\t\t\t<\/div>\n\t\t\t\t<div class=\"elementor-element elementor-element-4b0f721 elementor-widget elementor-widget-heading\" data-id=\"4b0f721\" data-element_type=\"widget\" data-e-type=\"widget\" data-widget_type=\"heading.default\">\n\t\t\t\t\t<h2 class=\"elementor-heading-title elementor-size-default\">2. What data do we collect?<\/h2>\t\t\t\t<\/div>\n\t\t\t\t<div class=\"elementor-element elementor-element-735a696 elementor-widget__width-inherit elementor-widget-tablet__width-inherit elementor-widget elementor-widget-text-editor\" data-id=\"735a696\" data-element_type=\"widget\" data-e-type=\"widget\" data-widget_type=\"text-editor.default\">\n\t\t\t\t\t\t\t\t\t<p><span style=\"font-weight: 400;\">If authorized by the cookie preferences banner:<\/span><\/p><ul><li><span style=\"font-weight: 400;\">Technical information (IP, browser and operating system) in an anonymous form;<\/span><\/li><li><span style=\"font-weight: 400;\">Browsing data (pages visited and time on site) in an anonymous form.<\/span><\/li><\/ul>\t\t\t\t\t\t\t\t<\/div>\n\t\t\t\t<div class=\"elementor-element elementor-element-dcbb147 elementor-widget elementor-widget-heading\" data-id=\"dcbb147\" data-element_type=\"widget\" data-e-type=\"widget\" data-widget_type=\"heading.default\">\n\t\t\t\t\t<h2 class=\"elementor-heading-title elementor-size-default\">3. How do we use your data?<\/h2>\t\t\t\t<\/div>\n\t\t\t\t<div class=\"elementor-element elementor-element-b32643f elementor-widget__width-inherit elementor-widget-tablet__width-inherit elementor-widget elementor-widget-text-editor\" data-id=\"b32643f\" data-element_type=\"widget\" data-e-type=\"widget\" data-widget_type=\"text-editor.default\">\n\t\t\t\t\t\t\t\t\t<p>We only use the data to analyze traffic and improve the site.<\/p>\t\t\t\t\t\t\t\t<\/div>\n\t\t\t\t<div class=\"elementor-element elementor-element-55bfe18 elementor-widget elementor-widget-heading\" data-id=\"55bfe18\" data-element_type=\"widget\" data-e-type=\"widget\" data-widget_type=\"heading.default\">\n\t\t\t\t\t<h2 class=\"elementor-heading-title elementor-size-default\">4. Cookies<\/h2>\t\t\t\t<\/div>\n\t\t\t\t<div class=\"elementor-element elementor-element-f4d54c1 elementor-widget__width-inherit elementor-widget-tablet__width-inherit elementor-widget elementor-widget-text-editor\" data-id=\"f4d54c1\" data-element_type=\"widget\" data-e-type=\"widget\" data-widget_type=\"text-editor.default\">\n\t\t\t\t\t\t\t\t\t<p><span style=\"font-weight: 400;\">Our website uses cookies to:<\/span><\/p><ul><li><span style=\"font-weight: 400;\">Measure audience and behavior (e.g. Google Analytics);<\/span><\/li><li><span style=\"font-weight: 400;\">Optimize the user experience;<\/span><\/li><\/ul><p><br \/>When browsing the site, you can accept or refuse cookies. You can also disable them using the icon in the bottom left-hand corner.<\/p>\t\t\t\t\t\t\t\t<\/div>\n\t\t\t\t<div class=\"elementor-element elementor-element-12cdf87 elementor-widget elementor-widget-heading\" data-id=\"12cdf87\" data-element_type=\"widget\" data-e-type=\"widget\" data-widget_type=\"heading.default\">\n\t\t\t\t\t<h2 class=\"elementor-heading-title elementor-size-default\">5. Data sharing<\/h2>\t\t\t\t<\/div>\n\t\t\t\t<div class=\"elementor-element elementor-element-1451033 elementor-widget__width-inherit elementor-widget-tablet__width-inherit elementor-widget elementor-widget-text-editor\" data-id=\"1451033\" data-element_type=\"widget\" data-e-type=\"widget\" data-widget_type=\"text-editor.default\">\n\t\t\t\t\t\t\t\t\t<p><span style=\"font-weight: 400;\">We do not sell or share your data with third parties, except for analysis purposes.<\/span><\/p>\t\t\t\t\t\t\t\t<\/div>\n\t\t\t\t<div class=\"elementor-element elementor-element-e7c44a9 elementor-widget elementor-widget-heading\" data-id=\"e7c44a9\" data-element_type=\"widget\" data-e-type=\"widget\" data-widget_type=\"heading.default\">\n\t\t\t\t\t<h2 class=\"elementor-heading-title elementor-size-default\">6. Your rights<\/h2>\t\t\t\t<\/div>\n\t\t\t\t<div class=\"elementor-element elementor-element-283c533 elementor-widget__width-inherit elementor-widget-tablet__width-inherit elementor-widget elementor-widget-text-editor\" data-id=\"283c533\" data-element_type=\"widget\" data-e-type=\"widget\" data-widget_type=\"text-editor.default\">\n\t\t\t\t\t\t\t\t\t<p><span style=\"font-weight: 400;\">You can, at any time:<\/span><\/p><ul><li><span style=\"font-weight: 400;\">Withdraw your consent;<\/span><\/li><li><span style=\"font-weight: 400;\">Complain to the CNPD (<\/span><span style=\"text-decoration: underline;\"><a href=\"http:\/\/www.cnpd.pt\" target=\"_blank\" rel=\"noopener\"><span style=\"font-weight: 400;\">www.cnpd.pt<\/span><\/a><\/span><span style=\"font-weight: 400;\">).<\/span><\/li><\/ul>\t\t\t\t\t\t\t\t<\/div>\n\t\t\t\t<div class=\"elementor-element elementor-element-f4fe519 elementor-widget elementor-widget-heading\" data-id=\"f4fe519\" data-element_type=\"widget\" data-e-type=\"widget\" data-widget_type=\"heading.default\">\n\t\t\t\t\t<h2 class=\"elementor-heading-title elementor-size-default\">7. Contact<\/h2>\t\t\t\t<\/div>\n\t\t\t\t<div class=\"elementor-element elementor-element-d69f7d3 elementor-widget__width-inherit elementor-widget-tablet__width-inherit elementor-widget elementor-widget-text-editor\" data-id=\"d69f7d3\" data-element_type=\"widget\" data-e-type=\"widget\" data-widget_type=\"text-editor.default\">\n\t\t\t\t\t\t\t\t\t<p><span style=\"font-weight: 400;\">Data controller: Toul<\/span><\/p><p><span style=\"font-weight: 400;\">Email: <a href=\"mailto:info@toul.pt\">info@toul.pt<\/a><\/span><\/p>\t\t\t\t\t\t\t\t<\/div>\n\t\t\t\t\t<\/div>\n\t\t\t\t<\/div>\n\t\t\t\t<\/div>","protected":false},"excerpt":{"rendered":"<p>Pol\u00edtica de Privacidade 1. Introdu\u00e7\u00e3o Na Toul, respeitamos a sua privacidade. Esta pol\u00edtica explica como recolhemos, utilizamos e protegemos os seus dados pessoais quando visita o nosso site www.toul.pt. 2. Que dados recolhemos? Se autorizado pelo banner de prefer\u00eancias de cookies: Informa\u00e7\u00e3o t\u00e9cnica (IP, navegador e sistema operativo) de forma an\u00f3nima; Dados de navega\u00e7\u00e3o (p\u00e1ginas [&hellip;]<\/p>\n","protected":false},"author":1,"featured_media":0,"parent":0,"menu_order":0,"comment_status":"closed","ping_status":"closed","template":"elementor_header_footer","meta":{"footnotes":""},"class_list":["post-3","page","type-page","status-publish","hentry"],"_links":{"self":[{"href":"https:\/\/toul.pt\/en\/wp-json\/wp\/v2\/pages\/3","targetHints":{"allow":["GET"]}}],"collection":[{"href":"https:\/\/toul.pt\/en\/wp-json\/wp\/v2\/pages"}],"about":[{"href":"https:\/\/toul.pt\/en\/wp-json\/wp\/v2\/types\/page"}],"author":[{"embeddable":true,"href":"https:\/\/toul.pt\/en\/wp-json\/wp\/v2\/users\/1"}],"replies":[{"embeddable":true,"href":"https:\/\/toul.pt\/en\/wp-json\/wp\/v2\/comments?post=3"}],"version-history":[{"count":13,"href":"https:\/\/toul.pt\/en\/wp-json\/wp\/v2\/pages\/3\/revisions"}],"predecessor-version":[{"id":459,"href":"https:\/\/toul.pt\/en\/wp-json\/wp\/v2\/pages\/3\/revisions\/459"}],"wp:attachment":[{"href":"https:\/\/toul.pt\/en\/wp-json\/wp\/v2\/media?parent=3"}],"curies":[{"name":"wp","href":"https:\/\/api.w.org\/{rel}","templated":true}]}}